{"id":49,"date":"2023-01-24T21:47:10","date_gmt":"2023-01-24T21:47:10","guid":{"rendered":"https:\/\/skripta.rs\/?page_id=49"},"modified":"2024-08-24T16:58:52","modified_gmt":"2024-08-24T16:58:52","slug":"kontaktirajte-nas","status":"publish","type":"page","link":"https:\/\/skripta.rs\/index.php\/kontaktirajte-nas\/","title":{"rendered":"Kontakt"},"content":{"rendered":"\t\t<div data-elementor-type=\"wp-page\" data-elementor-id=\"49\" class=\"elementor elementor-49\">\n\t\t\t\t\t\t<section class=\"elementor-section elementor-top-section elementor-element elementor-element-5c0461e elementor-section-boxed elementor-section-height-default elementor-section-height-default\" data-id=\"5c0461e\" data-element_type=\"section\" data-e-type=\"section\">\n\t\t\t\t\t\t<div class=\"elementor-container elementor-column-gap-default\">\n\t\t\t\t\t<div class=\"elementor-column elementor-col-100 elementor-top-column elementor-element elementor-element-3960818\" data-id=\"3960818\" data-element_type=\"column\" data-e-type=\"column\">\n\t\t\t<div class=\"elementor-widget-wrap elementor-element-populated\">\n\t\t\t\t\t\t<div class=\"elementor-element elementor-element-14c61b3 elementor-widget elementor-widget-heading\" data-id=\"14c61b3\" data-element_type=\"widget\" data-e-type=\"widget\" data-widget_type=\"heading.default\">\n\t\t\t\t<div class=\"elementor-widget-container\">\n\t\t\t\t\t<h2 class=\"elementor-heading-title elementor-size-default\">Kontaktirajte nas <\/h2>\t\t\t\t<\/div>\n\t\t\t\t<\/div>\n\t\t\t\t\t<\/div>\n\t\t<\/div>\n\t\t\t\t\t<\/div>\n\t\t<\/section>\n\t\t\t\t<section class=\"elementor-section elementor-top-section elementor-element elementor-element-af99cda elementor-section-boxed elementor-section-height-default elementor-section-height-default\" data-id=\"af99cda\" data-element_type=\"section\" data-e-type=\"section\">\n\t\t\t\t\t\t<div class=\"elementor-container elementor-column-gap-default\">\n\t\t\t\t\t<div class=\"elementor-column elementor-col-100 elementor-top-column elementor-element elementor-element-c21528a\" data-id=\"c21528a\" data-element_type=\"column\" data-e-type=\"column\">\n\t\t\t<div class=\"elementor-widget-wrap elementor-element-populated\">\n\t\t\t\t\t\t<div class=\"elementor-element elementor-element-f67dadd elementor-widget elementor-widget-text-editor\" data-id=\"f67dadd\" data-element_type=\"widget\" data-e-type=\"widget\" data-widget_type=\"text-editor.default\">\n\t\t\t\t<div class=\"elementor-widget-container\">\n\t\t\t\t\t\t\t\t\t<p>Kontaktirajte nas i brzo \u0107emo odgovoriti na sva Va\u0161a pitanja i pomo\u0107i u realizaciji \u0161tampanja materijala.<\/p>\t\t\t\t\t\t\t\t<\/div>\n\t\t\t\t<\/div>\n\t\t\t\t\t<\/div>\n\t\t<\/div>\n\t\t\t\t\t<\/div>\n\t\t<\/section>\n\t\t\t\t<section class=\"elementor-section elementor-top-section elementor-element elementor-element-6401636 elementor-section-boxed elementor-section-height-default elementor-section-height-default\" data-id=\"6401636\" data-element_type=\"section\" data-e-type=\"section\">\n\t\t\t\t\t\t<div class=\"elementor-container elementor-column-gap-default\">\n\t\t\t\t\t<div class=\"elementor-column elementor-col-50 elementor-top-column elementor-element elementor-element-b8359a6\" data-id=\"b8359a6\" data-element_type=\"column\" data-e-type=\"column\">\n\t\t\t<div class=\"elementor-widget-wrap elementor-element-populated\">\n\t\t\t\t\t\t<div class=\"elementor-element elementor-element-2daf864 elementor-widget elementor-widget-text-editor\" data-id=\"2daf864\" data-element_type=\"widget\" data-e-type=\"widget\" data-widget_type=\"text-editor.default\">\n\t\t\t\t<div class=\"elementor-widget-container\">\n\t\t\t\t\t\t\t\t\t<p><strong>\u00a0 \u00a0 \u00a0 Kontakt<\/strong><\/p><ul><li><strong>Mike Alasa 54, Beograd<\/strong><\/li><li><strong><a href=\"mailto:mailtome:skriptaptica@gmail.com\">skriptaptica@gmail.com<\/a><\/strong><\/li><\/ul>\t\t\t\t\t\t\t\t<\/div>\n\t\t\t\t<\/div>\n\t\t\t\t<div class=\"elementor-element elementor-element-0402e55 elementor-widget elementor-widget-image\" data-id=\"0402e55\" data-element_type=\"widget\" data-e-type=\"widget\" data-widget_type=\"image.default\">\n\t\t\t\t<div class=\"elementor-widget-container\">\n\t\t\t\t\t\t\t\t\t\t\t\t\t\t\t\t<a href=\"https:\/\/skripta.rs\">\n\t\t\t\t\t\t\t<img fetchpriority=\"high\" decoding=\"async\" width=\"300\" height=\"300\" src=\"https:\/\/skripta.rs\/wp-content\/uploads\/2023\/01\/watermark-skripta-300x300.jpg\" class=\"attachment-medium size-medium wp-image-5\" alt=\"\u0161tamparija skripta international\" srcset=\"https:\/\/skripta.rs\/wp-content\/uploads\/2023\/01\/watermark-skripta-300x300.jpg 300w, https:\/\/skripta.rs\/wp-content\/uploads\/2023\/01\/watermark-skripta-150x150.jpg 150w, https:\/\/skripta.rs\/wp-content\/uploads\/2023\/01\/watermark-skripta-100x100.jpg 100w, https:\/\/skripta.rs\/wp-content\/uploads\/2023\/01\/watermark-skripta.jpg 500w\" sizes=\"(max-width: 300px) 100vw, 300px\" \/>\t\t\t\t\t\t\t\t<\/a>\n\t\t\t\t\t\t\t\t\t\t\t\t\t\t\t<\/div>\n\t\t\t\t<\/div>\n\t\t\t\t\t<\/div>\n\t\t<\/div>\n\t\t\t\t<div class=\"elementor-column elementor-col-50 elementor-top-column elementor-element elementor-element-a3d01e9\" data-id=\"a3d01e9\" data-element_type=\"column\" data-e-type=\"column\">\n\t\t\t<div class=\"elementor-widget-wrap elementor-element-populated\">\n\t\t\t\t\t\t<div class=\"elementor-element elementor-element-7d16b85 elementor-widget elementor-widget-google_maps\" data-id=\"7d16b85\" data-element_type=\"widget\" data-e-type=\"widget\" data-widget_type=\"google_maps.default\">\n\t\t\t\t<div class=\"elementor-widget-container\">\n\t\t\t\t\t\t\t<div class=\"elementor-custom-embed\">\n\t\t\t<iframe loading=\"lazy\"\n\t\t\t\t\tsrc=\"https:\/\/maps.google.com\/maps?q=Mike%20Alasa%2054%2C%20Beograd%2C%20Srbija&#038;t=m&#038;z=13&#038;output=embed&#038;iwloc=near\"\n\t\t\t\t\ttitle=\"Mike Alasa 54, Beograd, Srbija\"\n\t\t\t\t\taria-label=\"Mike Alasa 54, Beograd, Srbija\"\n\t\t\t><\/iframe>\n\t\t<\/div>\n\t\t\t\t\t\t<\/div>\n\t\t\t\t<\/div>\n\t\t\t\t\t<\/div>\n\t\t<\/div>\n\t\t\t\t\t<\/div>\n\t\t<\/section>\n\t\t\t\t<\/div>\n\t\t","protected":false},"excerpt":{"rendered":"<p>Kontaktirajte nas Kontaktirajte nas i brzo \u0107emo odgovoriti na sva Va\u0161a pitanja i pomo\u0107i u realizaciji \u0161tampanja materijala. \u00a0 \u00a0 \u00a0 Kontakt Mike Alasa 54, Beograd skriptaptica@gmail.com<\/p>\n","protected":false},"author":1,"featured_media":0,"parent":0,"menu_order":0,"comment_status":"closed","ping_status":"closed","template":"","meta":{"site-sidebar-layout":"no-sidebar","site-content-layout":"page-builder","ast-global-header-display":"","ast-main-header-display":"","ast-hfb-above-header-display":"","ast-hfb-below-header-display":"","ast-hfb-mobile-header-display":"","site-post-title":"","ast-breadcrumbs-content":"","ast-featured-img":"disabled","footer-sml-layout":"","theme-transparent-header-meta":"","adv-header-id-meta":"","stick-header-meta":"","header-above-stick-meta":"","header-main-stick-meta":"","header-below-stick-meta":"","footnotes":""},"class_list":["post-49","page","type-page","status-publish","hentry"],"_links":{"self":[{"href":"https:\/\/skripta.rs\/index.php\/wp-json\/wp\/v2\/pages\/49","targetHints":{"allow":["GET"]}}],"collection":[{"href":"https:\/\/skripta.rs\/index.php\/wp-json\/wp\/v2\/pages"}],"about":[{"href":"https:\/\/skripta.rs\/index.php\/wp-json\/wp\/v2\/types\/page"}],"author":[{"embeddable":true,"href":"https:\/\/skripta.rs\/index.php\/wp-json\/wp\/v2\/users\/1"}],"replies":[{"embeddable":true,"href":"https:\/\/skripta.rs\/index.php\/wp-json\/wp\/v2\/comments?post=49"}],"version-history":[{"count":11,"href":"https:\/\/skripta.rs\/index.php\/wp-json\/wp\/v2\/pages\/49\/revisions"}],"predecessor-version":[{"id":198,"href":"https:\/\/skripta.rs\/index.php\/wp-json\/wp\/v2\/pages\/49\/revisions\/198"}],"wp:attachment":[{"href":"https:\/\/skripta.rs\/index.php\/wp-json\/wp\/v2\/media?parent=49"}],"curies":[{"name":"wp","href":"https:\/\/api.w.org\/{rel}","templated":true}]}}